{"id":28,"date":"2021-11-07T22:07:11","date_gmt":"2021-11-07T22:07:11","guid":{"rendered":"https:\/\/stormshield.naxonet.eu\/hu\/?page_id=28"},"modified":"2022-04-04T05:47:10","modified_gmt":"2022-04-04T04:47:10","slug":"acronyms-and-abbreviations","status":"publish","type":"page","link":"https:\/\/stormshield.naxonet.eu\/en\/why-stormshield\/acronyms-and-abbreviations\/","title":{"rendered":"Acronyms and Abbreviations"},"content":{"rendered":"\t\t<div data-elementor-type=\"wp-page\" data-elementor-id=\"28\" class=\"elementor elementor-28\" data-elementor-post-type=\"page\">\n\t\t\t\t\t\t<section class=\"elementor-section elementor-top-section elementor-element elementor-element-379540a elementor-section-boxed elementor-section-height-default elementor-section-height-default\" data-id=\"379540a\" data-element_type=\"section\" data-e-type=\"section\">\n\t\t\t\t\t\t<div class=\"elementor-container elementor-column-gap-default\">\n\t\t\t\t\t<div class=\"elementor-column elementor-col-100 elementor-top-column elementor-element elementor-element-e02d883\" data-id=\"e02d883\" data-element_type=\"column\" data-e-type=\"column\">\n\t\t\t<div class=\"elementor-widget-wrap elementor-element-populated\">\n\t\t\t\t\t\t<div class=\"elementor-element elementor-element-fb89038 elementor-widget elementor-widget-heading\" data-id=\"fb89038\" data-element_type=\"widget\" data-e-type=\"widget\" data-widget_type=\"heading.default\">\n\t\t\t\t<div class=\"elementor-widget-container\">\n\t\t\t\t\t<h1 class=\"elementor-heading-title elementor-size-default\">R\u00f6vid\u00edt\u00e9sek \u00e9s kifejez\u00e9sek gy\u0171jtem\u00e9nyek<br \/>Angolul \u00e9s Magyarul<\/h1>\t\t\t\t<\/div>\n\t\t\t\t<\/div>\n\t\t\t\t\t<\/div>\n\t\t<\/div>\n\t\t\t\t\t<\/div>\n\t\t<\/section>\n\t\t\t\t<section class=\"elementor-section elementor-top-section elementor-element elementor-element-33ab5fc elementor-section-boxed elementor-section-height-default elementor-section-height-default\" data-id=\"33ab5fc\" data-element_type=\"section\" data-e-type=\"section\">\n\t\t\t\t\t\t<div class=\"elementor-container elementor-column-gap-default\">\n\t\t\t\t\t<div class=\"elementor-column elementor-col-100 elementor-top-column elementor-element elementor-element-d7f2c4e\" data-id=\"d7f2c4e\" data-element_type=\"column\" data-e-type=\"column\">\n\t\t\t<div class=\"elementor-widget-wrap elementor-element-populated\">\n\t\t\t\t\t\t<div class=\"elementor-element elementor-element-a83f71f elementor-widget elementor-widget-text-editor\" data-id=\"a83f71f\" data-element_type=\"widget\" data-e-type=\"widget\" data-widget_type=\"text-editor.default\">\n\t\t\t\t<div class=\"elementor-widget-container\">\n\t\t\t\t\t\t\t\t\t<p>Az al\u00e1bbi t\u00e1bl\u00e1zatban \u00f6sszegy\u0171jt\u00f6tt\u00fck a t\u00e9m\u00e1ban haszn\u00e1lt r\u00f6vid\u00edt\u00e9sek, a hozz\u00e1juk tartoz\u00f3 eredeti angol jelent\u00e9s\u00fcket \u00e9s azok magyar ford\u00edt\u00e1sait, <em>b\u00e1r az esetek jelent\u0151s r\u00e9sz\u00e9ben nem haszn\u00e1ljuk ezen magyar kifejez\u00e9seket, mert sem a szakmai nyelv sem a k\u00f6znyelv nem vette \u00e1t \u0151ket<\/em>.<\/p>\t\t\t\t\t\t\t\t<\/div>\n\t\t\t\t<\/div>\n\t\t\t\t\t<\/div>\n\t\t<\/div>\n\t\t\t\t\t<\/div>\n\t\t<\/section>\n\t\t\t\t<section class=\"elementor-section elementor-top-section elementor-element elementor-element-933b8d3 elementor-section-boxed elementor-section-height-default elementor-section-height-default\" data-id=\"933b8d3\" data-element_type=\"section\" data-e-type=\"section\">\n\t\t\t\t\t\t<div class=\"elementor-container elementor-column-gap-default\">\n\t\t\t\t\t<div class=\"elementor-column elementor-col-100 elementor-top-column elementor-element elementor-element-e2acd7f\" data-id=\"e2acd7f\" data-element_type=\"column\" data-e-type=\"column\">\n\t\t\t<div class=\"elementor-widget-wrap elementor-element-populated\">\n\t\t\t\t\t\t<div class=\"elementor-element elementor-element-55c6b26 elementor-widget elementor-widget-text-editor\" data-id=\"55c6b26\" data-element_type=\"widget\" data-e-type=\"widget\" data-widget_type=\"text-editor.default\">\n\t\t\t\t<div class=\"elementor-widget-container\">\n\t\t\t\t\t\t\t\t\t[table \u201c\u201d not found \/]<br \/>\n<br \/>\n\t\t\t\t\t\t\t\t<\/div>\n\t\t\t\t<\/div>\n\t\t\t\t\t<\/div>\n\t\t<\/div>\n\t\t\t\t\t<\/div>\n\t\t<\/section>\n\t\t\t\t<\/div>\n\t\t","protected":false},"excerpt":{"rendered":"<p>R\u00f6vid\u00edt\u00e9sek \u00e9s kifejez\u00e9sek gy\u0171jtem\u00e9nyekAngolul \u00e9s Magyarul Az al\u00e1bbi t\u00e1bl\u00e1zatban \u00f6sszegy\u0171jt\u00f6tt\u00fck a t\u00e9m\u00e1ban haszn\u00e1lt r\u00f6vid\u00edt\u00e9sek, a hozz\u00e1juk tartoz\u00f3 eredeti angol jelent\u00e9s\u00fcket \u00e9s azok magyar ford\u00edt\u00e1sait, b\u00e1r az esetek jelent\u0151s r\u00e9sz\u00e9ben nem haszn\u00e1ljuk ezen magyar kifejez\u00e9seket, mert sem a szakmai nyelv sem a k\u00f6znyelv nem vette \u00e1t \u0151ket.<\/p>\n","protected":false},"author":2,"featured_media":0,"parent":20,"menu_order":14,"comment_status":"closed","ping_status":"closed","template":"","meta":{"footnotes":""},"class_list":["post-28","page","type-page","status-publish"],"yoast_head":"<!-- This site is optimized with the Yoast SEO plugin v24.6 - https:\/\/yoast.com\/wordpress\/plugins\/seo\/ -->\n<title>Acronyms and Abbreviations - NaxoNet \/ Stormshield Ireland \/ Security from Airbus<\/title>\n<meta name=\"robots\" content=\"index, follow, max-snippet:-1, max-image-preview:large, max-video-preview:-1\" \/>\n<link rel=\"canonical\" href=\"https:\/\/stormshield.naxonet.eu\/en\/why-stormshield\/acronyms-and-abbreviations\/\" \/>\n<meta property=\"og:locale\" content=\"en_GB\" \/>\n<meta property=\"og:type\" content=\"article\" \/>\n<meta property=\"og:title\" content=\"Acronyms and Abbreviations - NaxoNet \/ Stormshield Ireland \/ Security from Airbus\" \/>\n<meta property=\"og:description\" content=\"R\u00f6vid\u00edt\u00e9sek \u00e9s kifejez\u00e9sek gy\u0171jtem\u00e9nyekAngolul \u00e9s Magyarul Az al\u00e1bbi t\u00e1bl\u00e1zatban \u00f6sszegy\u0171jt\u00f6tt\u00fck a t\u00e9m\u00e1ban haszn\u00e1lt r\u00f6vid\u00edt\u00e9sek, a hozz\u00e1juk tartoz\u00f3 eredeti angol jelent\u00e9s\u00fcket \u00e9s azok magyar ford\u00edt\u00e1sait, b\u00e1r az esetek jelent\u0151s r\u00e9sz\u00e9ben nem haszn\u00e1ljuk ezen magyar kifejez\u00e9seket, mert sem a szakmai nyelv sem a k\u00f6znyelv nem vette \u00e1t \u0151ket.\" \/>\n<meta property=\"og:url\" content=\"https:\/\/stormshield.naxonet.eu\/en\/why-stormshield\/acronyms-and-abbreviations\/\" \/>\n<meta property=\"og:site_name\" content=\"NaxoNet \/ Stormshield Ireland \/ Security from Airbus\" \/>\n<meta property=\"article:modified_time\" content=\"2022-04-04T04:47:10+00:00\" \/>\n<meta name=\"twitter:card\" content=\"summary_large_image\" \/>\n<meta name=\"twitter:label1\" content=\"Estimated reading time\" \/>\n\t<meta name=\"twitter:data1\" content=\"1 minute\" \/>\n<script type=\"application\/ld+json\" class=\"yoast-schema-graph\">{\"@context\":\"https:\/\/schema.org\",\"@graph\":[{\"@type\":\"WebPage\",\"@id\":\"https:\/\/stormshield.naxonet.eu\/en\/why-stormshield\/acronyms-and-abbreviations\/\",\"url\":\"https:\/\/stormshield.naxonet.eu\/en\/why-stormshield\/acronyms-and-abbreviations\/\",\"name\":\"Acronyms and Abbreviations - NaxoNet \/ Stormshield Ireland \/ Security from Airbus\",\"isPartOf\":{\"@id\":\"https:\/\/stormshield.naxonet.eu\/en\/#website\"},\"datePublished\":\"2021-11-07T22:07:11+00:00\",\"dateModified\":\"2022-04-04T04:47:10+00:00\",\"breadcrumb\":{\"@id\":\"https:\/\/stormshield.naxonet.eu\/en\/why-stormshield\/acronyms-and-abbreviations\/#breadcrumb\"},\"inLanguage\":\"en-GB\",\"potentialAction\":[{\"@type\":\"ReadAction\",\"target\":[\"https:\/\/stormshield.naxonet.eu\/en\/why-stormshield\/acronyms-and-abbreviations\/\"]}]},{\"@type\":\"BreadcrumbList\",\"@id\":\"https:\/\/stormshield.naxonet.eu\/en\/why-stormshield\/acronyms-and-abbreviations\/#breadcrumb\",\"itemListElement\":[{\"@type\":\"ListItem\",\"position\":1,\"name\":\"Home\",\"item\":\"https:\/\/stormshield.naxonet.eu\/en\/\"},{\"@type\":\"ListItem\",\"position\":2,\"name\":\"Why Stormshield?\",\"item\":\"https:\/\/stormshield.naxonet.eu\/en\/why-stormshield\/\"},{\"@type\":\"ListItem\",\"position\":3,\"name\":\"Acronyms and Abbreviations\"}]},{\"@type\":\"WebSite\",\"@id\":\"https:\/\/stormshield.naxonet.eu\/en\/#website\",\"url\":\"https:\/\/stormshield.naxonet.eu\/en\/\",\"name\":\"NaxoNet \/ Stormshield Ireland \/ Security from Airbus\",\"description\":\"The Most Secured Hardware Firewall\",\"publisher\":{\"@id\":\"https:\/\/stormshield.naxonet.eu\/en\/#organization\"},\"potentialAction\":[{\"@type\":\"SearchAction\",\"target\":{\"@type\":\"EntryPoint\",\"urlTemplate\":\"https:\/\/stormshield.naxonet.eu\/en\/?s={search_term_string}\"},\"query-input\":{\"@type\":\"PropertyValueSpecification\",\"valueRequired\":true,\"valueName\":\"search_term_string\"}}],\"inLanguage\":\"en-GB\"},{\"@type\":\"Organization\",\"@id\":\"https:\/\/stormshield.naxonet.eu\/en\/#organization\",\"name\":\"NaxoNet \/ Stormshield Ireland \/ Security from Airbus\",\"url\":\"https:\/\/stormshield.naxonet.eu\/en\/\",\"logo\":{\"@type\":\"ImageObject\",\"inLanguage\":\"en-GB\",\"@id\":\"https:\/\/stormshield.naxonet.eu\/en\/#\/schema\/logo\/image\/\",\"url\":\"https:\/\/stormshield.naxonet.eu\/en\/wp-content\/uploads\/sites\/3\/images\/footer\/cropped-Device_Stormshield_tower_logo.png\",\"contentUrl\":\"https:\/\/stormshield.naxonet.eu\/en\/wp-content\/uploads\/sites\/3\/images\/footer\/cropped-Device_Stormshield_tower_logo.png\",\"width\":500,\"height\":446,\"caption\":\"NaxoNet \/ Stormshield Ireland \/ Security from Airbus\"},\"image\":{\"@id\":\"https:\/\/stormshield.naxonet.eu\/en\/#\/schema\/logo\/image\/\"}}]}<\/script>\n<!-- \/ Yoast SEO plugin. -->","yoast_head_json":{"title":"Acronyms and Abbreviations - NaxoNet \/ Stormshield Ireland \/ Security from Airbus","robots":{"index":"index","follow":"follow","max-snippet":"max-snippet:-1","max-image-preview":"max-image-preview:large","max-video-preview":"max-video-preview:-1"},"canonical":"https:\/\/stormshield.naxonet.eu\/en\/why-stormshield\/acronyms-and-abbreviations\/","og_locale":"en_GB","og_type":"article","og_title":"Acronyms and Abbreviations - NaxoNet \/ Stormshield Ireland \/ Security from Airbus","og_description":"R\u00f6vid\u00edt\u00e9sek \u00e9s kifejez\u00e9sek gy\u0171jtem\u00e9nyekAngolul \u00e9s Magyarul Az al\u00e1bbi t\u00e1bl\u00e1zatban \u00f6sszegy\u0171jt\u00f6tt\u00fck a t\u00e9m\u00e1ban haszn\u00e1lt r\u00f6vid\u00edt\u00e9sek, a hozz\u00e1juk tartoz\u00f3 eredeti angol jelent\u00e9s\u00fcket \u00e9s azok magyar ford\u00edt\u00e1sait, b\u00e1r az esetek jelent\u0151s r\u00e9sz\u00e9ben nem haszn\u00e1ljuk ezen magyar kifejez\u00e9seket, mert sem a szakmai nyelv sem a k\u00f6znyelv nem vette \u00e1t \u0151ket.","og_url":"https:\/\/stormshield.naxonet.eu\/en\/why-stormshield\/acronyms-and-abbreviations\/","og_site_name":"NaxoNet \/ Stormshield Ireland \/ Security from Airbus","article_modified_time":"2022-04-04T04:47:10+00:00","twitter_card":"summary_large_image","twitter_misc":{"Estimated reading time":"1 minute"},"schema":{"@context":"https:\/\/schema.org","@graph":[{"@type":"WebPage","@id":"https:\/\/stormshield.naxonet.eu\/en\/why-stormshield\/acronyms-and-abbreviations\/","url":"https:\/\/stormshield.naxonet.eu\/en\/why-stormshield\/acronyms-and-abbreviations\/","name":"Acronyms and Abbreviations - NaxoNet \/ Stormshield Ireland \/ Security from Airbus","isPartOf":{"@id":"https:\/\/stormshield.naxonet.eu\/en\/#website"},"datePublished":"2021-11-07T22:07:11+00:00","dateModified":"2022-04-04T04:47:10+00:00","breadcrumb":{"@id":"https:\/\/stormshield.naxonet.eu\/en\/why-stormshield\/acronyms-and-abbreviations\/#breadcrumb"},"inLanguage":"en-GB","potentialAction":[{"@type":"ReadAction","target":["https:\/\/stormshield.naxonet.eu\/en\/why-stormshield\/acronyms-and-abbreviations\/"]}]},{"@type":"BreadcrumbList","@id":"https:\/\/stormshield.naxonet.eu\/en\/why-stormshield\/acronyms-and-abbreviations\/#breadcrumb","itemListElement":[{"@type":"ListItem","position":1,"name":"Home","item":"https:\/\/stormshield.naxonet.eu\/en\/"},{"@type":"ListItem","position":2,"name":"Why Stormshield?","item":"https:\/\/stormshield.naxonet.eu\/en\/why-stormshield\/"},{"@type":"ListItem","position":3,"name":"Acronyms and Abbreviations"}]},{"@type":"WebSite","@id":"https:\/\/stormshield.naxonet.eu\/en\/#website","url":"https:\/\/stormshield.naxonet.eu\/en\/","name":"NaxoNet \/ Stormshield Ireland \/ Security from Airbus","description":"The Most Secured Hardware Firewall","publisher":{"@id":"https:\/\/stormshield.naxonet.eu\/en\/#organization"},"potentialAction":[{"@type":"SearchAction","target":{"@type":"EntryPoint","urlTemplate":"https:\/\/stormshield.naxonet.eu\/en\/?s={search_term_string}"},"query-input":{"@type":"PropertyValueSpecification","valueRequired":true,"valueName":"search_term_string"}}],"inLanguage":"en-GB"},{"@type":"Organization","@id":"https:\/\/stormshield.naxonet.eu\/en\/#organization","name":"NaxoNet \/ Stormshield Ireland \/ Security from Airbus","url":"https:\/\/stormshield.naxonet.eu\/en\/","logo":{"@type":"ImageObject","inLanguage":"en-GB","@id":"https:\/\/stormshield.naxonet.eu\/en\/#\/schema\/logo\/image\/","url":"https:\/\/stormshield.naxonet.eu\/en\/wp-content\/uploads\/sites\/3\/images\/footer\/cropped-Device_Stormshield_tower_logo.png","contentUrl":"https:\/\/stormshield.naxonet.eu\/en\/wp-content\/uploads\/sites\/3\/images\/footer\/cropped-Device_Stormshield_tower_logo.png","width":500,"height":446,"caption":"NaxoNet \/ Stormshield Ireland \/ Security from Airbus"},"image":{"@id":"https:\/\/stormshield.naxonet.eu\/en\/#\/schema\/logo\/image\/"}}]}},"_links":{"self":[{"href":"https:\/\/stormshield.naxonet.eu\/en\/wp-json\/wp\/v2\/pages\/28"}],"collection":[{"href":"https:\/\/stormshield.naxonet.eu\/en\/wp-json\/wp\/v2\/pages"}],"about":[{"href":"https:\/\/stormshield.naxonet.eu\/en\/wp-json\/wp\/v2\/types\/page"}],"author":[{"embeddable":true,"href":"https:\/\/stormshield.naxonet.eu\/en\/wp-json\/wp\/v2\/users\/2"}],"replies":[{"embeddable":true,"href":"https:\/\/stormshield.naxonet.eu\/en\/wp-json\/wp\/v2\/comments?post=28"}],"version-history":[{"count":1,"href":"https:\/\/stormshield.naxonet.eu\/en\/wp-json\/wp\/v2\/pages\/28\/revisions"}],"predecessor-version":[{"id":2067,"href":"https:\/\/stormshield.naxonet.eu\/en\/wp-json\/wp\/v2\/pages\/28\/revisions\/2067"}],"up":[{"embeddable":true,"href":"https:\/\/stormshield.naxonet.eu\/en\/wp-json\/wp\/v2\/pages\/20"}],"wp:attachment":[{"href":"https:\/\/stormshield.naxonet.eu\/en\/wp-json\/wp\/v2\/media?parent=28"}],"curies":[{"name":"wp","href":"https:\/\/api.w.org\/{rel}","templated":true}]}}