{"id":32,"date":"2021-11-07T22:08:20","date_gmt":"2021-11-07T21:08:20","guid":{"rendered":"https:\/\/stormshield.naxonet.eu\/hu\/?page_id=32"},"modified":"2022-03-30T11:44:56","modified_gmt":"2022-03-30T09:44:56","slug":"kapcsolat","status":"publish","type":"page","link":"https:\/\/stormshield.naxonet.eu\/hu\/kapcsolat\/","title":{"rendered":"Kapcsolat"},"content":{"rendered":"\t\t<div data-elementor-type=\"wp-page\" data-elementor-id=\"32\" class=\"elementor elementor-32\" data-elementor-post-type=\"page\">\n\t\t\t\t\t\t<section class=\"elementor-section elementor-top-section elementor-element elementor-element-de9039c elementor-section-boxed elementor-section-height-default elementor-section-height-default\" data-id=\"de9039c\" data-element_type=\"section\" data-e-type=\"section\">\n\t\t\t\t\t\t<div class=\"elementor-container elementor-column-gap-default\">\n\t\t\t\t\t<div class=\"elementor-column elementor-col-100 elementor-top-column elementor-element elementor-element-dd9502f\" data-id=\"dd9502f\" data-element_type=\"column\" data-e-type=\"column\">\n\t\t\t<div class=\"elementor-widget-wrap elementor-element-populated\">\n\t\t\t\t\t\t<div class=\"elementor-element elementor-element-63bc8c3 elementor-widget elementor-widget-heading\" data-id=\"63bc8c3\" data-element_type=\"widget\" data-e-type=\"widget\" data-widget_type=\"heading.default\">\n\t\t\t\t<div class=\"elementor-widget-container\">\n\t\t\t\t\t<h1 class=\"elementor-heading-title elementor-size-default\">Kapcsolat<\/h1>\t\t\t\t<\/div>\n\t\t\t\t<\/div>\n\t\t\t\t\t<\/div>\n\t\t<\/div>\n\t\t\t\t\t<\/div>\n\t\t<\/section>\n\t\t\t\t<section class=\"elementor-section elementor-top-section elementor-element elementor-element-ef26431 elementor-section-boxed elementor-section-height-default elementor-section-height-default\" data-id=\"ef26431\" data-element_type=\"section\" data-e-type=\"section\">\n\t\t\t\t\t\t<div class=\"elementor-container elementor-column-gap-default\">\n\t\t\t\t\t<div class=\"elementor-column elementor-col-100 elementor-top-column elementor-element elementor-element-6dba938\" data-id=\"6dba938\" data-element_type=\"column\" data-e-type=\"column\">\n\t\t\t<div class=\"elementor-widget-wrap elementor-element-populated\">\n\t\t\t\t\t\t<div class=\"elementor-element elementor-element-5e6770b elementor-widget elementor-widget-text-editor\" data-id=\"5e6770b\" data-element_type=\"widget\" data-e-type=\"widget\" data-widget_type=\"text-editor.default\">\n\t\t\t\t<div class=\"elementor-widget-container\">\n\t\t\t\t\t\t\t\t\t<p><strong>Ha b\u00e1rmilyen k\u00e9rd\u00e9se mer\u00fclne fel, l\u00e9pjen kapcsolatba vel\u00fcnk a k\u00f6vetkez\u0151 kapcsolatfelv\u00e9teli \u0171rlapon<br \/>\u00e9s egy napon bel\u00fcl v\u00e1laszolunk.<\/strong><\/p>\t\t\t\t\t\t\t\t<\/div>\n\t\t\t\t<\/div>\n\t\t\t\t\t<\/div>\n\t\t<\/div>\n\t\t\t\t\t<\/div>\n\t\t<\/section>\n\t\t\t\t<section class=\"elementor-section elementor-top-section elementor-element elementor-element-eb55a82 elementor-section-boxed elementor-section-height-default elementor-section-height-default\" data-id=\"eb55a82\" data-element_type=\"section\" data-e-type=\"section\">\n\t\t\t\t\t\t<div class=\"elementor-container elementor-column-gap-default\">\n\t\t\t\t\t<div class=\"elementor-column elementor-col-100 elementor-top-column elementor-element elementor-element-3c40cff\" data-id=\"3c40cff\" data-element_type=\"column\" data-e-type=\"column\">\n\t\t\t<div class=\"elementor-widget-wrap elementor-element-populated\">\n\t\t\t\t\t\t<div class=\"elementor-element elementor-element-25b6391 eael-contact-form-7-button-align-left eael-contact-form-7-button-custom elementor-widget elementor-widget-eael-contact-form-7\" data-id=\"25b6391\" data-element_type=\"widget\" data-e-type=\"widget\" data-widget_type=\"eael-contact-form-7.default\">\n\t\t\t\t<div class=\"elementor-widget-container\">\n\t\t\t\t\t<div class=\"eael-contact-form-7-wrapper\">\n                <div class=\"eael-contact-form eael-contact-form-7 eael-contact-form-25b6391 placeholder-show eael-contact-form-align-default\">\n<div class=\"wpcf7 no-js\" id=\"wpcf7-f1571-o1\" lang=\"en-GB\" dir=\"ltr\" data-wpcf7-id=\"1571\">\n<div class=\"screen-reader-response\"><p role=\"status\" aria-live=\"polite\" aria-atomic=\"true\"><\/p> <ul><\/ul><\/div>\n<form action=\"\/hu\/wp-json\/wp\/v2\/pages\/32#wpcf7-f1571-o1\" method=\"post\" class=\"wpcf7-form init\" aria-label=\"Contact form\" novalidate=\"novalidate\" data-status=\"init\">\n<div style=\"display: none;\">\n<input type=\"hidden\" name=\"_wpcf7\" value=\"1571\" \/>\n<input type=\"hidden\" name=\"_wpcf7_version\" value=\"6.0.5\" \/>\n<input type=\"hidden\" name=\"_wpcf7_locale\" value=\"en_GB\" \/>\n<input type=\"hidden\" name=\"_wpcf7_unit_tag\" value=\"wpcf7-f1571-o1\" \/>\n<input type=\"hidden\" name=\"_wpcf7_container_post\" value=\"0\" \/>\n<input type=\"hidden\" name=\"_wpcf7_posted_data_hash\" value=\"\" \/>\n<\/div>\n<div class=\"col-md-6\">\n\t<p>Teljes n\u00e9v (k\u00f6telez\u0151)\n\t<\/p>\n\t<p><span class=\"wpcf7-form-control-wrap\" data-name=\"your-name\"><input size=\"40\" maxlength=\"400\" class=\"wpcf7-form-control wpcf7-text wpcf7-validates-as-required\" aria-required=\"true\" aria-invalid=\"false\" placeholder=\"Teljes n\u00e9v\" value=\"\" type=\"text\" name=\"your-name\" \/><\/span>\n\t<\/p>\n<\/div>\n<div class=\"col-md-6\">\n\t<p>Email c\u00edm (k\u00f6telez\u0151)\n\t<\/p>\n\t<p><span class=\"wpcf7-form-control-wrap\" data-name=\"your-email\"><input size=\"40\" maxlength=\"400\" class=\"wpcf7-form-control wpcf7-email wpcf7-validates-as-required wpcf7-text wpcf7-validates-as-email\" aria-required=\"true\" aria-invalid=\"false\" placeholder=\"pelda.nev@cimem.hu\" value=\"\" type=\"email\" name=\"your-email\" \/><\/span>\n\t<\/p>\n<\/div>\n<div class=\"col-md-6\">\n\t<p>T\u00e1rgy (k\u00f6telez\u0151)\n\t<\/p>\n\t<p><span class=\"wpcf7-form-control-wrap\" data-name=\"your-subject\"><input size=\"40\" maxlength=\"400\" class=\"wpcf7-form-control wpcf7-text wpcf7-validates-as-required\" aria-required=\"true\" aria-invalid=\"false\" placeholder=\"\u00dczenet t\u00e1rgya\" value=\"\" type=\"text\" name=\"your-subject\" \/><\/span>\n\t<\/p>\n<\/div>\n<div class=\"col-md-6\">\n\t<p>Telefonsz\u00e1m (nem k\u00f6telez\u0151)\n\t<\/p>\n\t<p><span class=\"wpcf7-form-control-wrap\" data-name=\"your-phonenumber\"><input size=\"40\" maxlength=\"400\" class=\"wpcf7-form-control wpcf7-tel wpcf7-text wpcf7-validates-as-tel\" aria-invalid=\"false\" placeholder=\"+36-12-345-6789\" value=\"\" type=\"tel\" name=\"your-phonenumber\" \/><\/span>\n\t<\/p>\n<\/div>\n<div class=\"col-md-12\">\n\t<p>\u00dczenet (k\u00f6telez\u0151)\n\t<\/p>\n\t<p><span class=\"wpcf7-form-control-wrap\" data-name=\"your-message\"><textarea cols=\"40\" rows=\"10\" maxlength=\"2000\" class=\"wpcf7-form-control wpcf7-textarea wpcf7-validates-as-required\" aria-required=\"true\" aria-invalid=\"false\" placeholder=\"\u00dczenet sz\u00f6vege\" name=\"your-message\"><\/textarea><\/span>\n\t<\/p>\n<\/div>\n<div class=\"col-md-12\">\n\t<p><i><strong>GDPR figyelmeztet\u00e9s:<\/strong> Az \u0171rlap elk\u00fcld\u00e9s\u00e9vel Alul\u00edrott - az \u00c1ltal\u00e1nos Adatv\u00e9delmi Rendelet (GDPR) 6. cikk (1) bekezd\u00e9s b) pontja, tov\u00e1bb\u00e1 a 7. cikk rendelkez\u00e9se alapj\u00e1n - tudom\u00e1sul veszem, hogy az adatkezel\u0151 a most megadott szem\u00e9lyes adataimat a GDPR, tov\u00e1bb\u00e1 a saj\u00e1t adatkezel\u00e9si t\u00e1j\u00e9koztat\u00f3j\u00e1nak felt\u00e9telei szerint kezelheti.<\/i>\n\t<\/p>\n<\/div>\n<div class=\"col-md-12\">\n\t<p><input class=\"wpcf7-form-control wpcf7-submit has-spinner\" type=\"submit\" value=\"K\u00fcld\u00e9s\" \/>\n\t<\/p>\n<\/div><div class=\"wpcf7-response-output\" aria-hidden=\"true\"><\/div>\n<\/form>\n<\/div>\n<\/div>\n            <\/div>\t\t\t\t<\/div>\n\t\t\t\t<\/div>\n\t\t\t\t\t<\/div>\n\t\t<\/div>\n\t\t\t\t\t<\/div>\n\t\t<\/section>\n\t\t\t\t<section class=\"elementor-section elementor-top-section elementor-element elementor-element-30784e0 elementor-section-boxed elementor-section-height-default elementor-section-height-default\" data-id=\"30784e0\" data-element_type=\"section\" data-e-type=\"section\">\n\t\t\t\t\t\t<div class=\"elementor-container elementor-column-gap-default\">\n\t\t\t\t\t<div class=\"elementor-column elementor-col-100 elementor-top-column elementor-element elementor-element-94f7b70\" data-id=\"94f7b70\" data-element_type=\"column\" data-e-type=\"column\">\n\t\t\t<div class=\"elementor-widget-wrap elementor-element-populated\">\n\t\t\t\t\t\t<div class=\"elementor-element elementor-element-1309318 elementor-widget elementor-widget-spacer\" data-id=\"1309318\" data-element_type=\"widget\" data-e-type=\"widget\" data-widget_type=\"spacer.default\">\n\t\t\t\t<div class=\"elementor-widget-container\">\n\t\t\t\t\t\t\t<div class=\"elementor-spacer\">\n\t\t\t<div class=\"elementor-spacer-inner\"><\/div>\n\t\t<\/div>\n\t\t\t\t\t\t<\/div>\n\t\t\t\t<\/div>\n\t\t\t\t\t<\/div>\n\t\t<\/div>\n\t\t\t\t\t<\/div>\n\t\t<\/section>\n\t\t\t\t<section class=\"elementor-section elementor-top-section elementor-element elementor-element-caa9622 elementor-section-boxed elementor-section-height-default elementor-section-height-default\" data-id=\"caa9622\" data-element_type=\"section\" data-e-type=\"section\">\n\t\t\t\t\t\t<div class=\"elementor-container elementor-column-gap-default\">\n\t\t\t\t\t<div class=\"elementor-column elementor-col-100 elementor-top-column elementor-element elementor-element-0cd4fbe\" data-id=\"0cd4fbe\" data-element_type=\"column\" data-e-type=\"column\">\n\t\t\t<div class=\"elementor-widget-wrap elementor-element-populated\">\n\t\t\t\t\t\t<div class=\"elementor-element elementor-element-41c131b elementor-widget elementor-widget-heading\" data-id=\"41c131b\" data-element_type=\"widget\" data-e-type=\"widget\" data-widget_type=\"heading.default\">\n\t\t\t\t<div class=\"elementor-widget-container\">\n\t\t\t\t\t<h2 class=\"elementor-heading-title elementor-size-default\">K\u00f6sz\u00f6nj\u00fck, hogy kapcsolatba l\u00e9pett vel\u00fcnk!<\/h2>\t\t\t\t<\/div>\n\t\t\t\t<\/div>\n\t\t\t\t\t<\/div>\n\t\t<\/div>\n\t\t\t\t\t<\/div>\n\t\t<\/section>\n\t\t\t\t<section class=\"elementor-section elementor-top-section elementor-element elementor-element-88fb532 elementor-section-boxed elementor-section-height-default elementor-section-height-default\" data-id=\"88fb532\" data-element_type=\"section\" data-e-type=\"section\">\n\t\t\t\t\t\t<div class=\"elementor-container elementor-column-gap-default\">\n\t\t\t\t\t<div class=\"elementor-column elementor-col-100 elementor-top-column elementor-element elementor-element-a977ff2\" data-id=\"a977ff2\" data-element_type=\"column\" data-e-type=\"column\">\n\t\t\t<div class=\"elementor-widget-wrap elementor-element-populated\">\n\t\t\t\t\t\t<div class=\"elementor-element elementor-element-c3c0b75 elementor-widget elementor-widget-spacer\" data-id=\"c3c0b75\" data-element_type=\"widget\" data-e-type=\"widget\" data-widget_type=\"spacer.default\">\n\t\t\t\t<div class=\"elementor-widget-container\">\n\t\t\t\t\t\t\t<div class=\"elementor-spacer\">\n\t\t\t<div class=\"elementor-spacer-inner\"><\/div>\n\t\t<\/div>\n\t\t\t\t\t\t<\/div>\n\t\t\t\t<\/div>\n\t\t\t\t\t<\/div>\n\t\t<\/div>\n\t\t\t\t\t<\/div>\n\t\t<\/section>\n\t\t\t\t<section class=\"elementor-section elementor-top-section elementor-element elementor-element-939b12c elementor-section-boxed elementor-section-height-default elementor-section-height-default\" data-id=\"939b12c\" data-element_type=\"section\" data-e-type=\"section\">\n\t\t\t\t\t\t<div class=\"elementor-container elementor-column-gap-default\">\n\t\t\t\t\t<div class=\"elementor-column elementor-col-100 elementor-top-column elementor-element elementor-element-18b6b4c\" data-id=\"18b6b4c\" data-element_type=\"column\" data-e-type=\"column\">\n\t\t\t<div class=\"elementor-widget-wrap elementor-element-populated\">\n\t\t\t\t\t\t<div class=\"elementor-element elementor-element-86fbfd9 elementor-widget elementor-widget-text-editor\" data-id=\"86fbfd9\" data-element_type=\"widget\" data-e-type=\"widget\" data-widget_type=\"text-editor.default\">\n\t\t\t\t<div class=\"elementor-widget-container\">\n\t\t\t\t\t\t\t\t\t<p>Mindent megtesz\u00fcnk, hogy a lehet\u0151 leghamarabb \u2013 de maximum 24 \u00f3r\u00e1n bel\u00fcl \u2013 v\u00e1laszoljunk.<\/p>\t\t\t\t\t\t\t\t<\/div>\n\t\t\t\t<\/div>\n\t\t\t\t<div class=\"elementor-element elementor-element-c664f56 elementor-widget elementor-widget-text-editor\" data-id=\"c664f56\" data-element_type=\"widget\" data-e-type=\"widget\" data-widget_type=\"text-editor.default\">\n\t\t\t\t<div class=\"elementor-widget-container\">\n\t\t\t\t\t\t\t\t\t<p>De addig is, am\u00edg meg nem kap v\u00e1laszt, had aj\u00e1nljunk p\u00e1r hasznos olvasnival\u00f3:<\/p><ul><li>Stormshield H\u00e1l\u00f3zatbiztons\u00e1g (SNS): <a href=\"https:\/\/www.stormshield.co.hu\/halozatbiztonsag\/\">Bemutat\u00f3 oldal<\/a> \u00e9s <a href=\"https:\/\/www.stormshield.co.hu\/wp-content\/uploads\/2019\/01\/SNS-EN-Network-Security-Range-Brochure-201809.pdf\">Bross\u00fara PDF<\/a><\/li><li>Stormshield V\u00e9gponti v\u00e9delem (SES): <a href=\"https:\/\/www.stormshield.co.hu\/vegponti-vedelem\/\">Bemutat\u00f3 oldal<\/a> \u00e9s <a href=\"https:\/\/www.stormshield.co.hu\/wp-content\/uploads\/2019\/01\/SES-EN-Endpoint-Security-Range-Brochure-201805.pdf\">Bross\u00fara PDF<\/a><\/li><li>Stormshield Adatbiztons\u00e9g (SDS): <a href=\"https:\/\/www.stormshield.co.hu\/adatbiztonsag\/\">Bemutat\u00f3 oldal<\/a> \u00e9s <a href=\"https:\/\/www.stormshield.co.hu\/wp-content\/uploads\/2019\/01\/SDS-EN-Data-Security-Range-Brochure-201805.pdf\">Bross\u00fara PDF<\/a><\/li><\/ul>\t\t\t\t\t\t\t\t<\/div>\n\t\t\t\t<\/div>\n\t\t\t\t\t<\/div>\n\t\t<\/div>\n\t\t\t\t\t<\/div>\n\t\t<\/section>\n\t\t\t\t<\/div>\n\t\t","protected":false},"excerpt":{"rendered":"<p>Kapcsolat Ha b\u00e1rmilyen k\u00e9rd\u00e9se mer\u00fclne fel, l\u00e9pjen kapcsolatba vel\u00fcnk a k\u00f6vetkez\u0151 kapcsolatfelv\u00e9teli \u0171rlapon\u00e9s egy napon bel\u00fcl v\u00e1laszolunk. Teljes n\u00e9v (k\u00f6telez\u0151) Email c\u00edm (k\u00f6telez\u0151) T\u00e1rgy (k\u00f6telez\u0151) Telefonsz\u00e1m (nem k\u00f6telez\u0151) \u00dczenet (k\u00f6telez\u0151) GDPR figyelmeztet\u00e9s: Az \u0171rlap elk\u00fcld\u00e9s\u00e9vel Alul\u00edrott &#8211; az \u00c1ltal\u00e1nos Adatv\u00e9delmi Rendelet (GDPR) 6. cikk (1) bekezd\u00e9s b) pontja, tov\u00e1bb\u00e1 a 7. cikk rendelkez\u00e9se alapj\u00e1n &#8211; &#8230; <a title=\"Kapcsolat\" class=\"read-more\" href=\"https:\/\/stormshield.naxonet.eu\/hu\/kapcsolat\/\" aria-label=\"Read more about Kapcsolat\">Olvass tov\u00e1bb<\/a><\/p>\n","protected":false},"author":2,"featured_media":0,"parent":0,"menu_order":3,"comment_status":"closed","ping_status":"closed","template":"","meta":{"footnotes":""},"class_list":["post-32","page","type-page","status-publish"],"yoast_head":"<!-- This site is optimized with the Yoast SEO plugin v24.6 - https:\/\/yoast.com\/wordpress\/plugins\/seo\/ -->\n<title>Kapcsolat - NaxoNet \/ Stormshield Magyarorsz\u00e1g \/ Biztons\u00e1g az Airbust\u00f3l<\/title>\n<meta name=\"robots\" content=\"index, follow, max-snippet:-1, max-image-preview:large, max-video-preview:-1\" \/>\n<link rel=\"canonical\" href=\"https:\/\/stormshield.naxonet.eu\/hu\/kapcsolat\/\" \/>\n<meta property=\"og:locale\" content=\"hu_HU\" \/>\n<meta property=\"og:type\" content=\"article\" \/>\n<meta property=\"og:title\" content=\"Kapcsolat - NaxoNet \/ Stormshield Magyarorsz\u00e1g \/ Biztons\u00e1g az Airbust\u00f3l\" \/>\n<meta property=\"og:description\" content=\"Kapcsolat Ha b\u00e1rmilyen k\u00e9rd\u00e9se mer\u00fclne fel, l\u00e9pjen kapcsolatba vel\u00fcnk a k\u00f6vetkez\u0151 kapcsolatfelv\u00e9teli \u0171rlapon\u00e9s egy napon bel\u00fcl v\u00e1laszolunk. Teljes n\u00e9v (k\u00f6telez\u0151) Email c\u00edm (k\u00f6telez\u0151) T\u00e1rgy (k\u00f6telez\u0151) Telefonsz\u00e1m (nem k\u00f6telez\u0151) \u00dczenet (k\u00f6telez\u0151) GDPR figyelmeztet\u00e9s: Az \u0171rlap elk\u00fcld\u00e9s\u00e9vel Alul\u00edrott &#8211; az \u00c1ltal\u00e1nos Adatv\u00e9delmi Rendelet (GDPR) 6. cikk (1) bekezd\u00e9s b) pontja, tov\u00e1bb\u00e1 a 7. cikk rendelkez\u00e9se alapj\u00e1n &#8211; ... Olvass tov\u00e1bb\" \/>\n<meta property=\"og:url\" content=\"https:\/\/stormshield.naxonet.eu\/hu\/kapcsolat\/\" \/>\n<meta property=\"og:site_name\" content=\"NaxoNet \/ Stormshield Magyarorsz\u00e1g \/ Biztons\u00e1g az Airbust\u00f3l\" \/>\n<meta property=\"article:modified_time\" content=\"2022-03-30T09:44:56+00:00\" \/>\n<meta name=\"twitter:card\" content=\"summary_large_image\" \/>\n<meta name=\"twitter:label1\" content=\"Becs\u00fclt olvas\u00e1si id\u0151\" \/>\n\t<meta name=\"twitter:data1\" content=\"1 perc\" \/>\n<script type=\"application\/ld+json\" class=\"yoast-schema-graph\">{\"@context\":\"https:\/\/schema.org\",\"@graph\":[{\"@type\":\"WebPage\",\"@id\":\"https:\/\/stormshield.naxonet.eu\/hu\/kapcsolat\/\",\"url\":\"https:\/\/stormshield.naxonet.eu\/hu\/kapcsolat\/\",\"name\":\"Kapcsolat - NaxoNet \/ Stormshield Magyarorsz\u00e1g \/ Biztons\u00e1g az Airbust\u00f3l\",\"isPartOf\":{\"@id\":\"https:\/\/stormshield.naxonet.eu\/hu\/#website\"},\"datePublished\":\"2021-11-07T21:08:20+00:00\",\"dateModified\":\"2022-03-30T09:44:56+00:00\",\"breadcrumb\":{\"@id\":\"https:\/\/stormshield.naxonet.eu\/hu\/kapcsolat\/#breadcrumb\"},\"inLanguage\":\"hu\",\"potentialAction\":[{\"@type\":\"ReadAction\",\"target\":[\"https:\/\/stormshield.naxonet.eu\/hu\/kapcsolat\/\"]}]},{\"@type\":\"BreadcrumbList\",\"@id\":\"https:\/\/stormshield.naxonet.eu\/hu\/kapcsolat\/#breadcrumb\",\"itemListElement\":[{\"@type\":\"ListItem\",\"position\":1,\"name\":\"Home\",\"item\":\"https:\/\/stormshield.naxonet.eu\/hu\/\"},{\"@type\":\"ListItem\",\"position\":2,\"name\":\"Kapcsolat\"}]},{\"@type\":\"WebSite\",\"@id\":\"https:\/\/stormshield.naxonet.eu\/hu\/#website\",\"url\":\"https:\/\/stormshield.naxonet.eu\/hu\/\",\"name\":\"NaxoNet \/ Stormshield Magyarorsz\u00e1g \/ Biztons\u00e1g az Airbust\u00f3l\",\"description\":\"A legbiztons\u00e1gosabb hardver t\u0171zfal\",\"publisher\":{\"@id\":\"https:\/\/stormshield.naxonet.eu\/hu\/#organization\"},\"potentialAction\":[{\"@type\":\"SearchAction\",\"target\":{\"@type\":\"EntryPoint\",\"urlTemplate\":\"https:\/\/stormshield.naxonet.eu\/hu\/?s={search_term_string}\"},\"query-input\":{\"@type\":\"PropertyValueSpecification\",\"valueRequired\":true,\"valueName\":\"search_term_string\"}}],\"inLanguage\":\"hu\"},{\"@type\":\"Organization\",\"@id\":\"https:\/\/stormshield.naxonet.eu\/hu\/#organization\",\"name\":\"NaxoNet \/ Stormshield Magyarorsz\u00e1g \/ Biztons\u00e1g az Airbust\u00f3l\",\"url\":\"https:\/\/stormshield.naxonet.eu\/hu\/\",\"logo\":{\"@type\":\"ImageObject\",\"inLanguage\":\"hu\",\"@id\":\"https:\/\/stormshield.naxonet.eu\/hu\/#\/schema\/logo\/image\/\",\"url\":\"https:\/\/stormshield.naxonet.eu\/hu\/wp-content\/uploads\/sites\/2\/2022\/01\/cropped-Device_Stormshield_tower_logo.png\",\"contentUrl\":\"https:\/\/stormshield.naxonet.eu\/hu\/wp-content\/uploads\/sites\/2\/2022\/01\/cropped-Device_Stormshield_tower_logo.png\",\"width\":500,\"height\":446,\"caption\":\"NaxoNet \/ Stormshield Magyarorsz\u00e1g \/ Biztons\u00e1g az Airbust\u00f3l\"},\"image\":{\"@id\":\"https:\/\/stormshield.naxonet.eu\/hu\/#\/schema\/logo\/image\/\"}}]}<\/script>\n<!-- \/ Yoast SEO plugin. -->","yoast_head_json":{"title":"Kapcsolat - NaxoNet \/ Stormshield Magyarorsz\u00e1g \/ Biztons\u00e1g az Airbust\u00f3l","robots":{"index":"index","follow":"follow","max-snippet":"max-snippet:-1","max-image-preview":"max-image-preview:large","max-video-preview":"max-video-preview:-1"},"canonical":"https:\/\/stormshield.naxonet.eu\/hu\/kapcsolat\/","og_locale":"hu_HU","og_type":"article","og_title":"Kapcsolat - NaxoNet \/ Stormshield Magyarorsz\u00e1g \/ Biztons\u00e1g az Airbust\u00f3l","og_description":"Kapcsolat Ha b\u00e1rmilyen k\u00e9rd\u00e9se mer\u00fclne fel, l\u00e9pjen kapcsolatba vel\u00fcnk a k\u00f6vetkez\u0151 kapcsolatfelv\u00e9teli \u0171rlapon\u00e9s egy napon bel\u00fcl v\u00e1laszolunk. Teljes n\u00e9v (k\u00f6telez\u0151) Email c\u00edm (k\u00f6telez\u0151) T\u00e1rgy (k\u00f6telez\u0151) Telefonsz\u00e1m (nem k\u00f6telez\u0151) \u00dczenet (k\u00f6telez\u0151) GDPR figyelmeztet\u00e9s: Az \u0171rlap elk\u00fcld\u00e9s\u00e9vel Alul\u00edrott &#8211; az \u00c1ltal\u00e1nos Adatv\u00e9delmi Rendelet (GDPR) 6. cikk (1) bekezd\u00e9s b) pontja, tov\u00e1bb\u00e1 a 7. cikk rendelkez\u00e9se alapj\u00e1n &#8211; ... Olvass tov\u00e1bb","og_url":"https:\/\/stormshield.naxonet.eu\/hu\/kapcsolat\/","og_site_name":"NaxoNet \/ Stormshield Magyarorsz\u00e1g \/ Biztons\u00e1g az Airbust\u00f3l","article_modified_time":"2022-03-30T09:44:56+00:00","twitter_card":"summary_large_image","twitter_misc":{"Becs\u00fclt olvas\u00e1si id\u0151":"1 perc"},"schema":{"@context":"https:\/\/schema.org","@graph":[{"@type":"WebPage","@id":"https:\/\/stormshield.naxonet.eu\/hu\/kapcsolat\/","url":"https:\/\/stormshield.naxonet.eu\/hu\/kapcsolat\/","name":"Kapcsolat - NaxoNet \/ Stormshield Magyarorsz\u00e1g \/ Biztons\u00e1g az Airbust\u00f3l","isPartOf":{"@id":"https:\/\/stormshield.naxonet.eu\/hu\/#website"},"datePublished":"2021-11-07T21:08:20+00:00","dateModified":"2022-03-30T09:44:56+00:00","breadcrumb":{"@id":"https:\/\/stormshield.naxonet.eu\/hu\/kapcsolat\/#breadcrumb"},"inLanguage":"hu","potentialAction":[{"@type":"ReadAction","target":["https:\/\/stormshield.naxonet.eu\/hu\/kapcsolat\/"]}]},{"@type":"BreadcrumbList","@id":"https:\/\/stormshield.naxonet.eu\/hu\/kapcsolat\/#breadcrumb","itemListElement":[{"@type":"ListItem","position":1,"name":"Home","item":"https:\/\/stormshield.naxonet.eu\/hu\/"},{"@type":"ListItem","position":2,"name":"Kapcsolat"}]},{"@type":"WebSite","@id":"https:\/\/stormshield.naxonet.eu\/hu\/#website","url":"https:\/\/stormshield.naxonet.eu\/hu\/","name":"NaxoNet \/ Stormshield Magyarorsz\u00e1g \/ Biztons\u00e1g az Airbust\u00f3l","description":"A legbiztons\u00e1gosabb hardver t\u0171zfal","publisher":{"@id":"https:\/\/stormshield.naxonet.eu\/hu\/#organization"},"potentialAction":[{"@type":"SearchAction","target":{"@type":"EntryPoint","urlTemplate":"https:\/\/stormshield.naxonet.eu\/hu\/?s={search_term_string}"},"query-input":{"@type":"PropertyValueSpecification","valueRequired":true,"valueName":"search_term_string"}}],"inLanguage":"hu"},{"@type":"Organization","@id":"https:\/\/stormshield.naxonet.eu\/hu\/#organization","name":"NaxoNet \/ Stormshield Magyarorsz\u00e1g \/ Biztons\u00e1g az Airbust\u00f3l","url":"https:\/\/stormshield.naxonet.eu\/hu\/","logo":{"@type":"ImageObject","inLanguage":"hu","@id":"https:\/\/stormshield.naxonet.eu\/hu\/#\/schema\/logo\/image\/","url":"https:\/\/stormshield.naxonet.eu\/hu\/wp-content\/uploads\/sites\/2\/2022\/01\/cropped-Device_Stormshield_tower_logo.png","contentUrl":"https:\/\/stormshield.naxonet.eu\/hu\/wp-content\/uploads\/sites\/2\/2022\/01\/cropped-Device_Stormshield_tower_logo.png","width":500,"height":446,"caption":"NaxoNet \/ Stormshield Magyarorsz\u00e1g \/ Biztons\u00e1g az Airbust\u00f3l"},"image":{"@id":"https:\/\/stormshield.naxonet.eu\/hu\/#\/schema\/logo\/image\/"}}]}},"_links":{"self":[{"href":"https:\/\/stormshield.naxonet.eu\/hu\/wp-json\/wp\/v2\/pages\/32"}],"collection":[{"href":"https:\/\/stormshield.naxonet.eu\/hu\/wp-json\/wp\/v2\/pages"}],"about":[{"href":"https:\/\/stormshield.naxonet.eu\/hu\/wp-json\/wp\/v2\/types\/page"}],"author":[{"embeddable":true,"href":"https:\/\/stormshield.naxonet.eu\/hu\/wp-json\/wp\/v2\/users\/2"}],"replies":[{"embeddable":true,"href":"https:\/\/stormshield.naxonet.eu\/hu\/wp-json\/wp\/v2\/comments?post=32"}],"version-history":[{"count":10,"href":"https:\/\/stormshield.naxonet.eu\/hu\/wp-json\/wp\/v2\/pages\/32\/revisions"}],"predecessor-version":[{"id":1965,"href":"https:\/\/stormshield.naxonet.eu\/hu\/wp-json\/wp\/v2\/pages\/32\/revisions\/1965"}],"wp:attachment":[{"href":"https:\/\/stormshield.naxonet.eu\/hu\/wp-json\/wp\/v2\/media?parent=32"}],"curies":[{"name":"wp","href":"https:\/\/api.w.org\/{rel}","templated":true}]}}